{"id":27,"date":"2025-03-10T16:36:35","date_gmt":"2025-03-10T16:36:35","guid":{"rendered":"http:\/\/stumpe-saech.de\/?page_id=27"},"modified":"2025-03-10T16:39:32","modified_gmt":"2025-03-10T16:39:32","slug":"startseite","status":"publish","type":"page","link":"https:\/\/stumpe-saech.de\/Startseite\/","title":{"rendered":"Startseite"},"content":{"rendered":"\n<h1 class=\"wp-block-heading\">Herzlich Willkommen bei der<br><strong>Maigesellschaft &#8220;Stumpe S\u00e4ch&#8221; e.V.<\/strong><br>aus K\u00f6ln-M\u00fcngersdorf<\/h1>\n\n\n\n<p>Seit den 1980er Jahren pflegen wir in M\u00fcngersdorf eine lebendige und herzliche Maibrauchtumstradition. Urspr\u00fcnglich als Zusammenschluss einiger Herren im Jahr 1983 entstanden, haben wir uns 2020 als eingetragener Verein organisiert, um die Tradition f\u00fcr kommende Generationen zu bewahren.<\/p>\n\n\n\n<p>Unser zentraler H\u00f6hepunkt ist das j\u00e4hrliche <strong>Maibaumaufstellen auf dem Dorfplatz hinter der Kirche St. Vitalis<\/strong>, das wir seit Jahrzehnten mit viel Hingabe gestalten. Am <strong>30. April feiern wir unser traditionelles Maifest<\/strong>, das sich zu einem festen Bestandteil des Dorflebens entwickelt hat und Menschen aller Altersgruppen zusammenbringt. Mit Musik, Geselligkeit und guter Stimmung schaffen wir eine Atmosph\u00e4re, in der sich Nachbarn, Freunde und Familien begegnen und gemeinsam feiern.<\/p>\n\n\n\n<p>Die Maigesellschaft \u201eStumpe S\u00e4ch\u201c e.V. steht f\u00fcr <strong>Brauchtumspflege, Gemeinschaft und Tradition<\/strong>, aber auch f\u00fcr Offenheit und Freude am Feiern. Ob als Mitglied, Unterst\u00fctzer oder Besucher unserer Veranstaltungen \u2013 jeder ist herzlich eingeladen, Teil dieser lebendigen Tradition zu werden!<\/p>\n\n\n\n<p>Wir freuen uns darauf, Dich bei unserem n\u00e4chsten Fest willkommen zu hei\u00dfen!<\/p>\n\n\n\n<p><\/p>\n","protected":false},"excerpt":{"rendered":"<p>Herzlich Willkommen bei derMaigesellschaft &#8220;Stumpe S\u00e4ch&#8221; e.V.aus K\u00f6ln-M\u00fcngersdorf Seit den 1980er Jahren pflegen wir in M\u00fcngersdorf eine lebendige und herzliche Maibrauchtumstradition. Urspr\u00fcnglich als Zusammenschluss einiger Herren im Jahr 1983 entstanden, [&hellip;]<\/p>\n","protected":false},"author":1,"featured_media":0,"parent":0,"menu_order":0,"comment_status":"closed","ping_status":"closed","template":"","meta":{"give_campaign_id":0,"site-sidebar-layout":"default","site-content-layout":"","ast-site-content-layout":"","site-content-style":"default","site-sidebar-style":"default","ast-global-header-display":"","ast-banner-title-visibility":"","ast-main-header-display":"","ast-hfb-above-header-display":"","ast-hfb-below-header-display":"","ast-hfb-mobile-header-display":"","site-post-title":"disabled","ast-breadcrumbs-content":"","ast-featured-img":"","footer-sml-layout":"","ast-disable-related-posts":"","theme-transparent-header-meta":"","adv-header-id-meta":"","stick-header-meta":"","header-above-stick-meta":"","header-main-stick-meta":"","header-below-stick-meta":"","astra-migrate-meta-layouts":"default","ast-page-background-enabled":"default","ast-page-background-meta":{"desktop":{"background-color":"var(--ast-global-color-4)","background-image":"","background-repeat":"repeat","background-position":"center center","background-size":"auto","background-attachment":"scroll","background-type":"","background-media":"","overlay-type":"","overlay-color":"","overlay-opacity":"","overlay-gradient":""},"tablet":{"background-color":"","background-image":"","background-repeat":"repeat","background-position":"center center","background-size":"auto","background-attachment":"scroll","background-type":"","background-media":"","overlay-type":"","overlay-color":"","overlay-opacity":"","overlay-gradient":""},"mobile":{"background-color":"","background-image":"","background-repeat":"repeat","background-position":"center center","background-size":"auto","background-attachment":"scroll","background-type":"","background-media":"","overlay-type":"","overlay-color":"","overlay-opacity":"","overlay-gradient":""}},"ast-content-background-meta":{"desktop":{"background-color":"var(--ast-global-color-5)","background-image":"","background-repeat":"repeat","background-position":"center center","background-size":"auto","background-attachment":"scroll","background-type":"","background-media":"","overlay-type":"","overlay-color":"","overlay-opacity":"","overlay-gradient":""},"tablet":{"background-color":"var(--ast-global-color-5)","background-image":"","background-repeat":"repeat","background-position":"center center","background-size":"auto","background-attachment":"scroll","background-type":"","background-media":"","overlay-type":"","overlay-color":"","overlay-opacity":"","overlay-gradient":""},"mobile":{"background-color":"var(--ast-global-color-5)","background-image":"","background-repeat":"repeat","background-position":"center center","background-size":"auto","background-attachment":"scroll","background-type":"","background-media":"","overlay-type":"","overlay-color":"","overlay-opacity":"","overlay-gradient":""}},"footnotes":""},"class_list":["post-27","page","type-page","status-publish","hentry"],"campaignId":"","_links":{"self":[{"href":"https:\/\/stumpe-saech.de\/Startseite\/wp-json\/wp\/v2\/pages\/27","targetHints":{"allow":["GET"]}}],"collection":[{"href":"https:\/\/stumpe-saech.de\/Startseite\/wp-json\/wp\/v2\/pages"}],"about":[{"href":"https:\/\/stumpe-saech.de\/Startseite\/wp-json\/wp\/v2\/types\/page"}],"author":[{"embeddable":true,"href":"https:\/\/stumpe-saech.de\/Startseite\/wp-json\/wp\/v2\/users\/1"}],"replies":[{"embeddable":true,"href":"https:\/\/stumpe-saech.de\/Startseite\/wp-json\/wp\/v2\/comments?post=27"}],"version-history":[{"count":5,"href":"https:\/\/stumpe-saech.de\/Startseite\/wp-json\/wp\/v2\/pages\/27\/revisions"}],"predecessor-version":[{"id":50,"href":"https:\/\/stumpe-saech.de\/Startseite\/wp-json\/wp\/v2\/pages\/27\/revisions\/50"}],"wp:attachment":[{"href":"https:\/\/stumpe-saech.de\/Startseite\/wp-json\/wp\/v2\/media?parent=27"}],"curies":[{"name":"wp","href":"https:\/\/api.w.org\/{rel}","templated":true}]}}